{"id":40,"date":"2021-09-04T19:50:42","date_gmt":"2021-09-04T19:50:42","guid":{"rendered":"http:\/\/languages.lamizztilamzzate.com\/?page_id=40"},"modified":"2022-10-21T01:59:37","modified_gmt":"2022-10-21T01:59:37","slug":"bem-vindo","status":"publish","type":"page","link":"https:\/\/languages.lamizztilamzzate.com\/index.php\/bem-vindo\/","title":{"rendered":"Bem-vindo"},"content":{"rendered":"\n<p class=\"has-text-color\" style=\"color:#f4f405\"><strong>Bem-vindo comunidade de l\u00edngua portuguesa, estamos apresentando a voc\u00ea um entretenimento muito exclusivo na internet, convidamos voc\u00ea a explorar algo muito exclusivo em nossa literatura, filosofia de vida, aprendizado musical e muito mais, tamb\u00e9m para sua seguran\u00e7a de navega\u00e7\u00e3o todas as nossas p\u00e1ginas est\u00e3o no protocolo https assim voc\u00ea pode ter certeza de que todos os dados est\u00e3o protegidos, \u00e9 hora de navegar com seguran\u00e7a e confiabilidade<\/strong><\/p>\n\n\n\n<figure class=\"wp-block-image size-full\"><img loading=\"lazy\" decoding=\"async\" width=\"756\" height=\"756\" src=\"http:\/\/languages.lamizztilamzzate.com\/wp-content\/uploads\/2021\/09\/portugues-L-banderas-001-portugues.jpg\" alt=\"\" class=\"wp-image-41\" srcset=\"https:\/\/languages.lamizztilamzzate.com\/wp-content\/uploads\/2021\/09\/portugues-L-banderas-001-portugues.jpg 756w, https:\/\/languages.lamizztilamzzate.com\/wp-content\/uploads\/2021\/09\/portugues-L-banderas-001-portugues-300x300.jpg 300w, https:\/\/languages.lamizztilamzzate.com\/wp-content\/uploads\/2021\/09\/portugues-L-banderas-001-portugues-150x150.jpg 150w\" sizes=\"auto, (max-width: 756px) 100vw, 756px\" \/><\/figure>\n\n\n\n<p class=\"has-text-color\" style=\"color:#04edf9\"><strong>Bem-vindos amigos, convidamos-vos a descobrir o nosso entretenimento art\u00edstico musical especial, literatura especial e apoio acad\u00e9mico muito especial, \u00e9 hora de desfrutar de algo muito especial<\/strong><\/p>\n\n\n\n<figure class=\"wp-block-image size-large\"><img loading=\"lazy\" decoding=\"async\" width=\"577\" height=\"1024\" src=\"https:\/\/languages.lamizztilamzzate.com\/wp-content\/uploads\/2022\/04\/global-001-portugues-577x1024.jpg\" alt=\"\" class=\"wp-image-521\" srcset=\"https:\/\/languages.lamizztilamzzate.com\/wp-content\/uploads\/2022\/04\/global-001-portugues-577x1024.jpg 577w, https:\/\/languages.lamizztilamzzate.com\/wp-content\/uploads\/2022\/04\/global-001-portugues-169x300.jpg 169w, https:\/\/languages.lamizztilamzzate.com\/wp-content\/uploads\/2022\/04\/global-001-portugues-768x1363.jpg 768w, https:\/\/languages.lamizztilamzzate.com\/wp-content\/uploads\/2022\/04\/global-001-portugues-866x1536.jpg 866w, https:\/\/languages.lamizztilamzzate.com\/wp-content\/uploads\/2022\/04\/global-001-portugues-1154x2048.jpg 1154w, https:\/\/languages.lamizztilamzzate.com\/wp-content\/uploads\/2022\/04\/global-001-portugues.jpg 1278w\" sizes=\"auto, (max-width: 577px) 100vw, 577px\" \/><\/figure>\n\n\n\n<p><strong>O desenvolvimento integral do ser humano \u00e9 quando o ser humano descobre seu pleno potencial e sobretudo a aut\u00eantica felicidade de viver neste mundo<\/strong><\/p>\n\n\n\n<p><strong>Todos os momentos maravilhosos da vida est\u00e3o relacionados com a realiza\u00e7\u00e3o desta grande coordena\u00e7\u00e3o entre o ser humano e tudo o que existe; ou seja, alcan\u00e7ar essa harmonia entre o ser humano e toda a natureza<\/strong><\/p>\n\n\n\n<p><strong>Todo o desenvolvimento humano, \u00e9 alcan\u00e7ar na vida para atingir os mais altos n\u00edveis de desenvolvimento; o ser humano tem tr\u00eas partes totalmente adimensionais; ou seja, o ser humano tem a capacidade de descobrir mundos dimensionais<\/strong><\/p>\n\n\n\n<p><strong>O mundo da primeira dimens\u00e3o \u00e9 o mundo da dimens\u00e3o 3D O mundo da dimens\u00e3o 3D \u00e9 tudo o que vemos, tudo ao nosso redor; nosso planeta terra e todo o universo est\u00e1 definido em 3d nosso primeiro grande desafio como parte de alcan\u00e7ar nosso desenvolvimento integral da vida ser\u00e1 alcan\u00e7ar o sucesso aut\u00eantico<\/strong><\/p>\n\n\n\n<p><strong>O mundo de segunda dimens\u00e3o que est\u00e1 acima de um mundo dimensional 3D \u00e9 o mundo dimensional emocional, todas as emo\u00e7\u00f5es humanas s\u00e3o as \u00fanicas que podem acessar o mundo dimensional emocional, o segundo grande desafio do ser humano como parte de alcan\u00e7ar o desenvolvimento integral da vida , ser\u00e1 conhecer e viver a aut\u00eantica felicidade<\/strong><\/p>\n\n\n\n<p><strong>O mundo da terceira e \u00faltima dimens\u00e3o que o ser humano poder\u00e1 conhecer ser\u00e1 o mundo dimensional espiritual; mas, neste mundo dimensional espiritual, somente sua parte espiritual tem acesso e ele ter\u00e1 como \u00faltimo e grande desafio na vida, desenvolver a capacidade de ter acesso \u00e0 aut\u00eantica gl\u00f3ria eterna<\/strong><\/p>\n\n\n\n<p><strong>Ser\u00e1 entendido como o desenvolvimento integral da vida, conhecendo o aut\u00eantico sucesso, a aut\u00eantica felicidade e a aut\u00eantica gl\u00f3ria <\/strong><strong>eterna<\/strong><\/p>\n\n\n\n<p><strong>O ser humano \u00e9 composto de tr\u00eas partes fundamentais, a parte corp\u00f3rea tang\u00edvel, a parte emocional intang\u00edvel e a parte espiritual muito intang\u00edvel, para alcan\u00e7ar um desenvolvimento integral da vida, voc\u00ea deve conhecer o sucesso, a felicidade e a gl\u00f3ria eterna<\/strong><\/p>\n\n\n\n<figure class=\"wp-block-image size-large\"><img loading=\"lazy\" decoding=\"async\" width=\"768\" height=\"1024\" src=\"http:\/\/languages.lamizztilamzzate.com\/wp-content\/uploads\/2021\/09\/portugal-lamizzti-lamzzate-001-768x1024.jpg\" alt=\"\" class=\"wp-image-118\" srcset=\"https:\/\/languages.lamizztilamzzate.com\/wp-content\/uploads\/2021\/09\/portugal-lamizzti-lamzzate-001-768x1024.jpg 768w, https:\/\/languages.lamizztilamzzate.com\/wp-content\/uploads\/2021\/09\/portugal-lamizzti-lamzzate-001-225x300.jpg 225w, https:\/\/languages.lamizztilamzzate.com\/wp-content\/uploads\/2021\/09\/portugal-lamizzti-lamzzate-001.jpg 1134w\" sizes=\"auto, (max-width: 768px) 100vw, 768px\" \/><\/figure>\n\n\n\n<figure class=\"wp-block-image size-large\"><img loading=\"lazy\" decoding=\"async\" width=\"768\" height=\"1024\" src=\"http:\/\/languages.lamizztilamzzate.com\/wp-content\/uploads\/2021\/09\/Edit-port-WELCOME-L_1-768x1024.jpg\" alt=\"\" class=\"wp-image-116\" srcset=\"https:\/\/languages.lamizztilamzzate.com\/wp-content\/uploads\/2021\/09\/Edit-port-WELCOME-L_1-768x1024.jpg 768w, https:\/\/languages.lamizztilamzzate.com\/wp-content\/uploads\/2021\/09\/Edit-port-WELCOME-L_1-225x300.jpg 225w, https:\/\/languages.lamizztilamzzate.com\/wp-content\/uploads\/2021\/09\/Edit-port-WELCOME-L_1.jpg 847w\" sizes=\"auto, (max-width: 768px) 100vw, 768px\" \/><\/figure>\n\n\n\n<figure class=\"wp-block-image size-large\"><img loading=\"lazy\" decoding=\"async\" width=\"768\" height=\"1024\" src=\"http:\/\/languages.lamizztilamzzate.com\/wp-content\/uploads\/2021\/09\/portugues-academico-L-L-portugues-768x1024.jpg\" alt=\"\" class=\"wp-image-119\" srcset=\"https:\/\/languages.lamizztilamzzate.com\/wp-content\/uploads\/2021\/09\/portugues-academico-L-L-portugues-768x1024.jpg 768w, https:\/\/languages.lamizztilamzzate.com\/wp-content\/uploads\/2021\/09\/portugues-academico-L-L-portugues-225x300.jpg 225w, https:\/\/languages.lamizztilamzzate.com\/wp-content\/uploads\/2021\/09\/portugues-academico-L-L-portugues.jpg 1134w\" sizes=\"auto, (max-width: 768px) 100vw, 768px\" \/><\/figure>\n\n\n\n<figure class=\"wp-block-image size-large\"><img loading=\"lazy\" decoding=\"async\" width=\"768\" height=\"1024\" src=\"http:\/\/languages.lamizztilamzzate.com\/wp-content\/uploads\/2021\/09\/portugues-L-Leonneli-portugues-768x1024.jpg\" alt=\"\" class=\"wp-image-120\" srcset=\"https:\/\/languages.lamizztilamzzate.com\/wp-content\/uploads\/2021\/09\/portugues-L-Leonneli-portugues-768x1024.jpg 768w, https:\/\/languages.lamizztilamzzate.com\/wp-content\/uploads\/2021\/09\/portugues-L-Leonneli-portugues-225x300.jpg 225w, https:\/\/languages.lamizztilamzzate.com\/wp-content\/uploads\/2021\/09\/portugues-L-Leonneli-portugues.jpg 1134w\" sizes=\"auto, (max-width: 768px) 100vw, 768px\" \/><\/figure>\n\n\n\n<figure class=\"wp-block-image size-large\"><a href=\"https:\/\/languages.lamizztilamzzate.com\/index.php\/2021\/10\/28\/portuguese\/\" target=\"_blank\" rel=\"noopener\"><img loading=\"lazy\" decoding=\"async\" width=\"768\" height=\"1024\" src=\"http:\/\/languages.lamizztilamzzate.com\/wp-content\/uploads\/2021\/09\/portugues-ENLACE-subdominio-portugues-768x1024.jpg\" alt=\"\" class=\"wp-image-121\" srcset=\"https:\/\/languages.lamizztilamzzate.com\/wp-content\/uploads\/2021\/09\/portugues-ENLACE-subdominio-portugues-768x1024.jpg 768w, https:\/\/languages.lamizztilamzzate.com\/wp-content\/uploads\/2021\/09\/portugues-ENLACE-subdominio-portugues-225x300.jpg 225w, https:\/\/languages.lamizztilamzzate.com\/wp-content\/uploads\/2021\/09\/portugues-ENLACE-subdominio-portugues.jpg 1133w\" sizes=\"auto, (max-width: 768px) 100vw, 768px\" \/><\/a><\/figure>\n\n\n\n<!-- BEGIN: Powered by Supercounters.com -->\n<center><script type=\"text\/javascript\" src=\"\/\/widget.supercounters.com\/ssl\/vt.js\"><\/script><script type=\"text\/javascript\">var sc_visitor_var = sc_visitor_var || [];sc_vt(1620074,\"FFFFFF\",\"cccccc\",\"000000\",10)<\/script><br><noscript><a href=\"http:\/\/www.supercounters.com\/\">free online counter<\/a><\/noscript>\n<\/center>\n<!-- END: Powered by Supercounters.com -->\n\n\n\n<!-- BEGIN: Powered by Supercounters.com -->\n<center><script type=\"text\/javascript\" src=\"\/\/widget.supercounters.com\/ssl\/flag.js\"><\/script><script type=\"text\/javascript\">sc_flag(1620075,\"FFFFFF\",\"000000\",\"cccccc\",4,100,0,0)<\/script><br><noscript><a href=\"http:\/\/www.supercounters.com\/\">Flag Counter<\/a><\/noscript>\n<\/center>\n<!-- END: Powered by Supercounters.com -->\n\n\n\n<p><\/p>\n","protected":false},"excerpt":{"rendered":"<p>Bem-vindo comunidade de l\u00edngua portuguesa, estamos apresentando a voc\u00ea um entretenimento muito exclusivo na internet, convidamos voc\u00ea a explorar algo muito exclusivo em nossa literatura, filosofia de vida, aprendizado musical e muito mais, tamb\u00e9m para sua seguran\u00e7a de navega\u00e7\u00e3o todas as nossas p\u00e1ginas est\u00e3o no protocolo https assim voc\u00ea pode ter certeza de que todos&hellip; <a class=\"more-link\" href=\"https:\/\/languages.lamizztilamzzate.com\/index.php\/bem-vindo\/\">Continue reading <span class=\"screen-reader-text\">Bem-vindo<\/span><\/a><\/p>\n","protected":false},"author":1,"featured_media":0,"parent":0,"menu_order":0,"comment_status":"closed","ping_status":"closed","template":"","meta":{"om_disable_all_campaigns":false,"_monsterinsights_skip_tracking":false,"_monsterinsights_sitenote_active":false,"_monsterinsights_sitenote_note":"","_monsterinsights_sitenote_category":0,"footnotes":""},"class_list":["post-40","page","type-page","status-publish","hentry","entry"],"_links":{"self":[{"href":"https:\/\/languages.lamizztilamzzate.com\/index.php\/wp-json\/wp\/v2\/pages\/40","targetHints":{"allow":["GET"]}}],"collection":[{"href":"https:\/\/languages.lamizztilamzzate.com\/index.php\/wp-json\/wp\/v2\/pages"}],"about":[{"href":"https:\/\/languages.lamizztilamzzate.com\/index.php\/wp-json\/wp\/v2\/types\/page"}],"author":[{"embeddable":true,"href":"https:\/\/languages.lamizztilamzzate.com\/index.php\/wp-json\/wp\/v2\/users\/1"}],"replies":[{"embeddable":true,"href":"https:\/\/languages.lamizztilamzzate.com\/index.php\/wp-json\/wp\/v2\/comments?post=40"}],"version-history":[{"count":9,"href":"https:\/\/languages.lamizztilamzzate.com\/index.php\/wp-json\/wp\/v2\/pages\/40\/revisions"}],"predecessor-version":[{"id":785,"href":"https:\/\/languages.lamizztilamzzate.com\/index.php\/wp-json\/wp\/v2\/pages\/40\/revisions\/785"}],"wp:attachment":[{"href":"https:\/\/languages.lamizztilamzzate.com\/index.php\/wp-json\/wp\/v2\/media?parent=40"}],"curies":[{"name":"wp","href":"https:\/\/api.w.org\/{rel}","templated":true}]}}