{"id":37,"date":"2021-09-04T19:47:32","date_gmt":"2021-09-04T19:47:32","guid":{"rendered":"http:\/\/languages.lamizztilamzzate.com\/?page_id=37"},"modified":"2022-10-21T01:55:58","modified_gmt":"2022-10-21T01:55:58","slug":"accoglienza","status":"publish","type":"page","link":"https:\/\/languages.lamizztilamzzate.com\/index.php\/accoglienza\/","title":{"rendered":"Accoglienza"},"content":{"rendered":"\n<p class=\"has-text-color\" style=\"color:#f9f90d\"><strong>benvenuta comunit\u00e0 di lingua italiana, ti presentiamo un intrattenimento molto esclusivo su Internet, ti invitiamo a esplorare qualcosa di molto esclusivo nella nostra letteratura, filosofia di vita, apprendimento musicale e altro, inoltre per la tua sicurezza nella navigazione tutte le nostre pagine sono in protocollo https in questo modo puoi stare certo che tutti i dati sono protetti, \u00e8 ora di navigare in modo sicuro e affidabile<\/strong><\/p>\n\n\n\n<figure class=\"wp-block-image size-full\"><img loading=\"lazy\" decoding=\"async\" width=\"756\" height=\"756\" src=\"http:\/\/languages.lamizztilamzzate.com\/wp-content\/uploads\/2021\/09\/italia-L-banderas-001-italia.jpg\" alt=\"\" class=\"wp-image-38\" srcset=\"https:\/\/languages.lamizztilamzzate.com\/wp-content\/uploads\/2021\/09\/italia-L-banderas-001-italia.jpg 756w, https:\/\/languages.lamizztilamzzate.com\/wp-content\/uploads\/2021\/09\/italia-L-banderas-001-italia-300x300.jpg 300w, https:\/\/languages.lamizztilamzzate.com\/wp-content\/uploads\/2021\/09\/italia-L-banderas-001-italia-150x150.jpg 150w\" sizes=\"auto, (max-width: 756px) 100vw, 756px\" \/><\/figure>\n\n\n\n<p class=\"has-text-color\" style=\"color:#07f7f5\"><strong>Benvenuti amici, vi invitiamo a scoprire il nostro speciale intrattenimento artistico musicale, la letteratura speciale e il supporto accademico molto speciale, \u00e8 tempo di godersi qualcosa di molto speciale<\/strong><\/p>\n\n\n\n<figure class=\"wp-block-image size-large\"><img loading=\"lazy\" decoding=\"async\" width=\"577\" height=\"1024\" src=\"https:\/\/languages.lamizztilamzzate.com\/wp-content\/uploads\/2022\/04\/global-001-italiano-577x1024.jpg\" alt=\"\" class=\"wp-image-511\" srcset=\"https:\/\/languages.lamizztilamzzate.com\/wp-content\/uploads\/2022\/04\/global-001-italiano-577x1024.jpg 577w, https:\/\/languages.lamizztilamzzate.com\/wp-content\/uploads\/2022\/04\/global-001-italiano-169x300.jpg 169w, https:\/\/languages.lamizztilamzzate.com\/wp-content\/uploads\/2022\/04\/global-001-italiano-768x1363.jpg 768w, https:\/\/languages.lamizztilamzzate.com\/wp-content\/uploads\/2022\/04\/global-001-italiano-866x1536.jpg 866w, https:\/\/languages.lamizztilamzzate.com\/wp-content\/uploads\/2022\/04\/global-001-italiano-1154x2048.jpg 1154w, https:\/\/languages.lamizztilamzzate.com\/wp-content\/uploads\/2022\/04\/global-001-italiano.jpg 1278w\" sizes=\"auto, (max-width: 577px) 100vw, 577px\" \/><\/figure>\n\n\n\n<p><strong>Lo sviluppo integrale dell&#8217;essere umano avviene quando l&#8217;essere umano scopre il suo pieno potenziale e soprattutto l&#8217;autentica felicit\u00e0 di vivere in questo mondo<\/strong><\/p>\n\n\n\n<p><strong>Tutti i momenti meravigliosi della vita sono legati al raggiungimento di quella grande coordinazione tra l&#8217;essere umano e tutto ci\u00f2 che esiste; cio\u00e8, per raggiungere quell&#8217;armonia tra l&#8217;essere umano e tutta la natura<\/strong><\/p>\n\n\n\n<p><strong>Tutto lo sviluppo umano deve raggiungere i pi\u00f9 alti livelli di sviluppo nella vita; l&#8217;essere umano ha tre parti totalmente adimensionali; cio\u00e8, l&#8217;essere umano ha la capacit\u00e0 di scoprire mondi dimensionali<\/strong><\/p>\n\n\n\n<p><strong>Il primo mondo dimensionale \u00e8 il mondo dimensionale 3D. Il mondo dimensionale 3D \u00e8 tutto ci\u00f2 che vediamo, tutto ci\u00f2 che ci circonda; il nostro pianeta terra e l&#8217;intero universo \u00e8 definito in 3D la nostra prima grande sfida come parte del raggiungimento del nostro sviluppo integrale della vita, sar\u00e0 raggiungere un successo autentico<\/strong><\/p>\n\n\n\n<p><strong>Il mondo di seconda dimensione che \u00e8 al di sopra di un mondo dimensionale 3D \u00e8 il mondo dimensionale emotivo, tutte le emozioni umane sono le uniche che possono accedere al mondo dimensionale emotivo, la seconda grande sfida dell&#8217;essere umano come parte del raggiungimento dello sviluppo integrale della vita , sar\u00e0 conoscere e sperimentare la vera felicit\u00e0<\/strong><\/p>\n\n\n\n<p><strong>Il mondo dell&#8217;ultima dimensione che l&#8217;essere umano potr\u00e0 conoscere sar\u00e0 il mondo della dimensione spirituale; ma, in questo mondo dimensionale spirituale, solo la sua parte spirituale ha accesso e avr\u00e0 come ultima e grande sfida della vita, sviluppare la capacit\u00e0 di accedere all&#8217;autentica gloria eterna<\/strong><\/p>\n\n\n\n<p><strong>Sar\u00e0 inteso come uno sviluppo integrale della vita, come conoscere l&#8217;autentico successo, l&#8217;autentica felicit\u00e0 e l&#8217;autentica gloria <\/strong><strong>eterna<\/strong><\/p>\n\n\n\n<p><strong>L&#8217;essere umano \u00e8 composto da tre parti fondamentali, la parte corporea tangibile, la parte emotiva immateriale e la parte spirituale molto immateriale, per raggiungere uno sviluppo integrale della vita, devi conoscere il successo, la felicit\u00e0 e la gloria eterna<\/strong><\/p>\n\n\n\n<figure class=\"wp-block-image size-large\"><img loading=\"lazy\" decoding=\"async\" width=\"768\" height=\"1024\" src=\"http:\/\/languages.lamizztilamzzate.com\/wp-content\/uploads\/2021\/09\/italia-lamizzti-lamzzate-001-768x1024.jpg\" alt=\"\" class=\"wp-image-111\" srcset=\"https:\/\/languages.lamizztilamzzate.com\/wp-content\/uploads\/2021\/09\/italia-lamizzti-lamzzate-001-768x1024.jpg 768w, https:\/\/languages.lamizztilamzzate.com\/wp-content\/uploads\/2021\/09\/italia-lamizzti-lamzzate-001-225x300.jpg 225w, https:\/\/languages.lamizztilamzzate.com\/wp-content\/uploads\/2021\/09\/italia-lamizzti-lamzzate-001.jpg 1134w\" sizes=\"auto, (max-width: 768px) 100vw, 768px\" \/><\/figure>\n\n\n\n<figure class=\"wp-block-image size-large\"><img loading=\"lazy\" decoding=\"async\" width=\"768\" height=\"1024\" src=\"http:\/\/languages.lamizztilamzzate.com\/wp-content\/uploads\/2021\/09\/Edit-ital-WELCOME-L_1-768x1024.jpg\" alt=\"\" class=\"wp-image-109\" srcset=\"https:\/\/languages.lamizztilamzzate.com\/wp-content\/uploads\/2021\/09\/Edit-ital-WELCOME-L_1-768x1024.jpg 768w, https:\/\/languages.lamizztilamzzate.com\/wp-content\/uploads\/2021\/09\/Edit-ital-WELCOME-L_1-225x300.jpg 225w, https:\/\/languages.lamizztilamzzate.com\/wp-content\/uploads\/2021\/09\/Edit-ital-WELCOME-L_1.jpg 847w\" sizes=\"auto, (max-width: 768px) 100vw, 768px\" \/><\/figure>\n\n\n\n<figure class=\"wp-block-image size-large\"><img loading=\"lazy\" decoding=\"async\" width=\"768\" height=\"1024\" src=\"http:\/\/languages.lamizztilamzzate.com\/wp-content\/uploads\/2021\/10\/italiano-desarrollo-global-L-charlie-supports-768x1024.jpg\" alt=\"\" class=\"wp-image-316\" srcset=\"https:\/\/languages.lamizztilamzzate.com\/wp-content\/uploads\/2021\/10\/italiano-desarrollo-global-L-charlie-supports-768x1024.jpg 768w, https:\/\/languages.lamizztilamzzate.com\/wp-content\/uploads\/2021\/10\/italiano-desarrollo-global-L-charlie-supports-225x300.jpg 225w, https:\/\/languages.lamizztilamzzate.com\/wp-content\/uploads\/2021\/10\/italiano-desarrollo-global-L-charlie-supports.jpg 1133w\" sizes=\"auto, (max-width: 768px) 100vw, 768px\" \/><\/figure>\n\n\n\n<figure class=\"wp-block-image size-large\"><img loading=\"lazy\" decoding=\"async\" width=\"768\" height=\"1024\" src=\"http:\/\/languages.lamizztilamzzate.com\/wp-content\/uploads\/2021\/09\/italia-L-Leonneli-italia-768x1024.jpg\" alt=\"\" class=\"wp-image-113\" srcset=\"https:\/\/languages.lamizztilamzzate.com\/wp-content\/uploads\/2021\/09\/italia-L-Leonneli-italia-768x1024.jpg 768w, https:\/\/languages.lamizztilamzzate.com\/wp-content\/uploads\/2021\/09\/italia-L-Leonneli-italia-225x300.jpg 225w, https:\/\/languages.lamizztilamzzate.com\/wp-content\/uploads\/2021\/09\/italia-L-Leonneli-italia.jpg 1134w\" sizes=\"auto, (max-width: 768px) 100vw, 768px\" \/><\/figure>\n\n\n\n<figure class=\"wp-block-image size-large is-resized\"><a href=\"https:\/\/languages.lamizztilamzzate.com\/index.php\/2021\/10\/28\/italian\/\" target=\"_blank\" rel=\"noopener\"><img loading=\"lazy\" decoding=\"async\" src=\"http:\/\/languages.lamizztilamzzate.com\/wp-content\/uploads\/2021\/09\/italiano-ENLACE-subdominio-italiano-768x1024.jpg\" alt=\"\" class=\"wp-image-114\" width=\"454\" height=\"605\" srcset=\"https:\/\/languages.lamizztilamzzate.com\/wp-content\/uploads\/2021\/09\/italiano-ENLACE-subdominio-italiano-768x1024.jpg 768w, https:\/\/languages.lamizztilamzzate.com\/wp-content\/uploads\/2021\/09\/italiano-ENLACE-subdominio-italiano-225x300.jpg 225w, https:\/\/languages.lamizztilamzzate.com\/wp-content\/uploads\/2021\/09\/italiano-ENLACE-subdominio-italiano.jpg 1133w\" sizes=\"auto, (max-width: 454px) 100vw, 454px\" \/><\/a><\/figure>\n\n\n\n<!-- BEGIN: Powered by Supercounters.com -->\n<center><script type=\"text\/javascript\" src=\"\/\/widget.supercounters.com\/ssl\/vt.js\"><\/script><script type=\"text\/javascript\">var sc_visitor_var = sc_visitor_var || [];sc_vt(1620070,\"FFFFFF\",\"cccccc\",\"000000\",10)<\/script><br><noscript><a href=\"http:\/\/www.supercounters.com\/\">free online counter<\/a><\/noscript>\n<\/center>\n<!-- END: Powered by Supercounters.com -->\n\n\n\n<!-- BEGIN: Powered by Supercounters.com -->\n<center><script type=\"text\/javascript\" src=\"\/\/widget.supercounters.com\/ssl\/flag.js\"><\/script><script type=\"text\/javascript\">sc_flag(1620071,\"FFFFFF\",\"000000\",\"cccccc\",4,100,0,0)<\/script><br><noscript><a href=\"http:\/\/www.supercounters.com\/\">Flag Counter<\/a><\/noscript>\n<\/center>\n<!-- END: Powered by Supercounters.com -->\n\n\n\n<p><\/p>\n","protected":false},"excerpt":{"rendered":"<p>benvenuta comunit\u00e0 di lingua italiana, ti presentiamo un intrattenimento molto esclusivo su Internet, ti invitiamo a esplorare qualcosa di molto esclusivo nella nostra letteratura, filosofia di vita, apprendimento musicale e altro, inoltre per la tua sicurezza nella navigazione tutte le nostre pagine sono in protocollo https in questo modo puoi stare certo che tutti i&hellip; <a class=\"more-link\" href=\"https:\/\/languages.lamizztilamzzate.com\/index.php\/accoglienza\/\">Continue reading <span class=\"screen-reader-text\">Accoglienza<\/span><\/a><\/p>\n","protected":false},"author":1,"featured_media":0,"parent":0,"menu_order":0,"comment_status":"closed","ping_status":"closed","template":"","meta":{"om_disable_all_campaigns":false,"_monsterinsights_skip_tracking":false,"_monsterinsights_sitenote_active":false,"_monsterinsights_sitenote_note":"","_monsterinsights_sitenote_category":0,"footnotes":""},"class_list":["post-37","page","type-page","status-publish","hentry","entry"],"_links":{"self":[{"href":"https:\/\/languages.lamizztilamzzate.com\/index.php\/wp-json\/wp\/v2\/pages\/37","targetHints":{"allow":["GET"]}}],"collection":[{"href":"https:\/\/languages.lamizztilamzzate.com\/index.php\/wp-json\/wp\/v2\/pages"}],"about":[{"href":"https:\/\/languages.lamizztilamzzate.com\/index.php\/wp-json\/wp\/v2\/types\/page"}],"author":[{"embeddable":true,"href":"https:\/\/languages.lamizztilamzzate.com\/index.php\/wp-json\/wp\/v2\/users\/1"}],"replies":[{"embeddable":true,"href":"https:\/\/languages.lamizztilamzzate.com\/index.php\/wp-json\/wp\/v2\/comments?post=37"}],"version-history":[{"count":13,"href":"https:\/\/languages.lamizztilamzzate.com\/index.php\/wp-json\/wp\/v2\/pages\/37\/revisions"}],"predecessor-version":[{"id":784,"href":"https:\/\/languages.lamizztilamzzate.com\/index.php\/wp-json\/wp\/v2\/pages\/37\/revisions\/784"}],"wp:attachment":[{"href":"https:\/\/languages.lamizztilamzzate.com\/index.php\/wp-json\/wp\/v2\/media?parent=37"}],"curies":[{"name":"wp","href":"https:\/\/api.w.org\/{rel}","templated":true}]}}