{"id":28,"date":"2021-09-04T19:28:12","date_gmt":"2021-09-04T19:28:12","guid":{"rendered":"http:\/\/languages.lamizztilamzzate.com\/?page_id=28"},"modified":"2022-10-21T02:02:17","modified_gmt":"2022-10-21T02:02:17","slug":"bienvenue","status":"publish","type":"page","link":"https:\/\/languages.lamizztilamzzate.com\/index.php\/bienvenue\/","title":{"rendered":"Bienvenue"},"content":{"rendered":"\n<p class=\"has-text-color\" style=\"color:#fdfd07\"><strong>bienvenue \u00e0 la communaut\u00e9 francophone, nous vous pr\u00e9sentons un divertissement tr\u00e8s exclusif sur internet, nous vous invitons \u00e0 explorer quelque chose de tr\u00e8s exclusif dans notre litt\u00e9rature, philosophie de vie, apprentissage musical et plus encore, aussi pour votre s\u00e9curit\u00e9 de navigation toutes nos pages sont en protocole https comme \u00e7a que vous pouvez \u00eatre assur\u00e9 que toutes les donn\u00e9es sont prot\u00e9g\u00e9es, il est temps de naviguer en toute s\u00e9curit\u00e9 et de mani\u00e8re fiable<\/strong><\/p>\n\n\n\n<figure class=\"wp-block-image size-full is-resized\"><img loading=\"lazy\" decoding=\"async\" src=\"http:\/\/languages.lamizztilamzzate.com\/wp-content\/uploads\/2021\/09\/francia-L-banderas-001-francia.jpg\" alt=\"\" class=\"wp-image-29\" width=\"218\" height=\"218\" srcset=\"https:\/\/languages.lamizztilamzzate.com\/wp-content\/uploads\/2021\/09\/francia-L-banderas-001-francia.jpg 756w, https:\/\/languages.lamizztilamzzate.com\/wp-content\/uploads\/2021\/09\/francia-L-banderas-001-francia-300x300.jpg 300w, https:\/\/languages.lamizztilamzzate.com\/wp-content\/uploads\/2021\/09\/francia-L-banderas-001-francia-150x150.jpg 150w\" sizes=\"auto, (max-width: 218px) 100vw, 218px\" \/><figcaption><strong>Acad\u00e9mie de musique dans votre langue<\/strong><\/figcaption><\/figure>\n\n\n<figure class=\"wp-block-post-featured-image\"><img loading=\"lazy\" decoding=\"async\" width=\"847\" height=\"1129\" src=\"https:\/\/languages.lamizztilamzzate.com\/wp-content\/uploads\/2022\/08\/musica-frances-001-LG-edit.jpg\" class=\"attachment-post-thumbnail size-post-thumbnail wp-post-image\" alt=\"\" style=\"width:100%;height:133.29%;max-width:847px;object-fit:cover;\" srcset=\"https:\/\/languages.lamizztilamzzate.com\/wp-content\/uploads\/2022\/08\/musica-frances-001-LG-edit.jpg 847w, https:\/\/languages.lamizztilamzzate.com\/wp-content\/uploads\/2022\/08\/musica-frances-001-LG-edit-225x300.jpg 225w, https:\/\/languages.lamizztilamzzate.com\/wp-content\/uploads\/2022\/08\/musica-frances-001-LG-edit-768x1024.jpg 768w\" sizes=\"auto, (max-width: 847px) 100vw, 847px\" \/><\/figure>\n\n\n<div class=\"wp-block-buttons is-layout-flex wp-block-buttons-is-layout-flex\">\n<div class=\"wp-block-button is-style-outline is-style-outline--1\"><a class=\"wp-block-button__link has-text-color has-background\" style=\"border-radius:84px;background-color:#73edf8;color:#ef0c0c\"><strong>Nous vous rappelons que pour toutes les compositions musicales il n&#8217;y a que 12 notes et des silences musicaux artistiques<\/strong><\/a><\/div>\n<\/div>\n\n\n\n<figure class=\"wp-block-image size-large is-resized\"><img loading=\"lazy\" decoding=\"async\" src=\"http:\/\/languages.lamizztilamzzate.com\/wp-content\/uploads\/2022\/08\/01-001-notas-musicales-frances-LG-edit-1024x683.jpg\" alt=\"\" class=\"wp-image-595\" width=\"301\" height=\"200\" srcset=\"https:\/\/languages.lamizztilamzzate.com\/wp-content\/uploads\/2022\/08\/01-001-notas-musicales-frances-LG-edit-1024x683.jpg 1024w, https:\/\/languages.lamizztilamzzate.com\/wp-content\/uploads\/2022\/08\/01-001-notas-musicales-frances-LG-edit-300x200.jpg 300w, https:\/\/languages.lamizztilamzzate.com\/wp-content\/uploads\/2022\/08\/01-001-notas-musicales-frances-LG-edit-768x512.jpg 768w, https:\/\/languages.lamizztilamzzate.com\/wp-content\/uploads\/2022\/08\/01-001-notas-musicales-frances-LG-edit-1536x1024.jpg 1536w, https:\/\/languages.lamizztilamzzate.com\/wp-content\/uploads\/2022\/08\/01-001-notas-musicales-frances-LG-edit-1568x1046.jpg 1568w, https:\/\/languages.lamizztilamzzate.com\/wp-content\/uploads\/2022\/08\/01-001-notas-musicales-frances-LG-edit.jpg 1690w\" sizes=\"auto, (max-width: 301px) 100vw, 301px\" \/><\/figure>\n\n\n\n<div class=\"wp-block-buttons is-layout-flex wp-block-buttons-is-layout-flex\">\n<div class=\"wp-block-button is-style-outline is-style-outline--2\"><a class=\"wp-block-button__link has-text-color has-background\" style=\"background-color:#14f7ec;color:#fa0d0d\"><strong>Bienvenue dans notre acad\u00e9mie de musique exclusive, nous vous rappelons qu&#8217;elle est gratuite pour que vous puissiez en profiter au maximum<\/strong><\/a><\/div>\n<\/div>\n\n\n\n<p>Bienvenue les amis, nous vous invitons \u00e0 md\u00e9couvrir notre divertissement artistique musical sp\u00e9cial, notre litt\u00e9rature sp\u00e9ciale et notre soutien acad\u00e9mique tr\u00e8s sp\u00e9cial, il est temps de profiter de quelque chose de tr\u00e8s sp\u00e9cial.<\/p>\n\n\n\n<figure class=\"wp-block-image size-large\"><img loading=\"lazy\" decoding=\"async\" width=\"577\" height=\"1024\" src=\"https:\/\/languages.lamizztilamzzate.com\/wp-content\/uploads\/2022\/04\/global-001-frances-577x1024.jpg\" alt=\"\" class=\"wp-image-498\" srcset=\"https:\/\/languages.lamizztilamzzate.com\/wp-content\/uploads\/2022\/04\/global-001-frances-577x1024.jpg 577w, https:\/\/languages.lamizztilamzzate.com\/wp-content\/uploads\/2022\/04\/global-001-frances-169x300.jpg 169w, https:\/\/languages.lamizztilamzzate.com\/wp-content\/uploads\/2022\/04\/global-001-frances-768x1363.jpg 768w, https:\/\/languages.lamizztilamzzate.com\/wp-content\/uploads\/2022\/04\/global-001-frances-866x1536.jpg 866w, https:\/\/languages.lamizztilamzzate.com\/wp-content\/uploads\/2022\/04\/global-001-frances-1154x2048.jpg 1154w, https:\/\/languages.lamizztilamzzate.com\/wp-content\/uploads\/2022\/04\/global-001-frances.jpg 1278w\" sizes=\"auto, (max-width: 577px) 100vw, 577px\" \/><\/figure>\n\n\n\n<p><strong>Le d\u00e9veloppement int\u00e9gral de l&#8217;homme, c&#8217;est quand l&#8217;homme trouve son plein potentiel et, surtout, vit le vrai bonheur dans ce monde<\/strong><\/p>\n\n\n\n<p><strong>Tous les merveilleux moments de la vie sont li\u00e9s \u00e0 la r\u00e9alisation de cette grande coordination entre l&#8217;homme et tout ce qui existe c&#8217;est-\u00e0-dire parvenir \u00e0 l&#8217;harmonie entre l&#8217;homme et toute la nature<\/strong><\/p>\n\n\n\n<p><strong>Tout d\u00e9veloppement humain, est \u00e0 r\u00e9aliser dans la vie pour atteindre le plus haut niveau de d\u00e9veloppement ; l&#8217;homme a trois parties compl\u00e8tement inaccessibles&nbsp; c&#8217;est-\u00e0-dire que l&#8217;homme a la capacit\u00e9 de trouver des mondes dimensionnels<\/strong><\/p>\n\n\n\n<p><strong>Le monde de la premi\u00e8re dimension est le monde tridimensionnel, le monde tridimensionnel est tout ce que nous voyons, tout ce qui nous entoure notre plan\u00e8te terre et l&#8217;univers entier sont d\u00e9finis en 3D Notre premier grand d\u00e9fi dans le cadre du d\u00e9veloppement holistique de la vie est d&#8217;atteindre un v\u00e9ritable succ\u00e8s<\/strong><\/p>\n\n\n\n<p><strong>Le monde de la deuxi\u00e8me dimension, qui est au-dessus du monde de la dimension 3D, est le monde de la dimension \u00e9motionnelle, toutes les \u00e9motions humaines sont les seules qui peuvent entrer dans le monde de la dimension \u00e9motionnelle, le deuxi\u00e8me grand d\u00e9fi de l&#8217;homme dans le cadre du d\u00e9veloppement int\u00e9gral de la vie<\/strong><\/p>\n\n\n\n<p><strong>Le monde de la troisi\u00e8me et derni\u00e8re dimension que l&#8217;homme peut ressentir est le monde de la dimension spirituelle mais dans cette dimension spirituelle seule sa partie spirituelle a acc\u00e8s et cela devient le dernier et grand d\u00e9fi de la vie de d\u00e9velopper la capacit\u00e9 d&#8217;atteindre la vraie gloire \u00e9ternelle<\/strong><\/p>\n\n\n\n<p><strong>Il est compris par le d\u00e9veloppement holistique de la vie, la connaissance du vrai succ\u00e8s, du vrai bonheur et de la vraie gloire <\/strong><strong>\u00e9ternelle<\/strong><\/p>\n\n\n\n<p><strong>L&#8217;\u00eatre humain est compos\u00e9 de trois parties fondamentales, la partie corporelle tangible, la partie \u00e9motionnelle intangible et la partie spirituelle tr\u00e8s intangible, pour parvenir \u00e0 un d\u00e9veloppement int\u00e9gral de la vie, il faut arriver \u00e0 conna\u00eetre le succ\u00e8s, le bonheur et la gloire \u00e9ternelle<\/strong><\/p>\n\n\n\n<figure class=\"wp-block-image size-large\"><img loading=\"lazy\" decoding=\"async\" width=\"768\" height=\"1024\" src=\"http:\/\/languages.lamizztilamzzate.com\/wp-content\/uploads\/2021\/09\/francia-lamizzti-lamzzate-001-768x1024.jpg\" alt=\"\" class=\"wp-image-125\" srcset=\"https:\/\/languages.lamizztilamzzate.com\/wp-content\/uploads\/2021\/09\/francia-lamizzti-lamzzate-001-768x1024.jpg 768w, https:\/\/languages.lamizztilamzzate.com\/wp-content\/uploads\/2021\/09\/francia-lamizzti-lamzzate-001-225x300.jpg 225w, https:\/\/languages.lamizztilamzzate.com\/wp-content\/uploads\/2021\/09\/francia-lamizzti-lamzzate-001.jpg 1134w\" sizes=\"auto, (max-width: 768px) 100vw, 768px\" \/><\/figure>\n\n\n\n<figure class=\"wp-block-image size-large\"><img loading=\"lazy\" decoding=\"async\" width=\"768\" height=\"1024\" src=\"http:\/\/languages.lamizztilamzzate.com\/wp-content\/uploads\/2021\/09\/Edit-fran-WELCOME-L_1-768x1024.jpg\" alt=\"\" class=\"wp-image-123\" srcset=\"https:\/\/languages.lamizztilamzzate.com\/wp-content\/uploads\/2021\/09\/Edit-fran-WELCOME-L_1-768x1024.jpg 768w, https:\/\/languages.lamizztilamzzate.com\/wp-content\/uploads\/2021\/09\/Edit-fran-WELCOME-L_1-225x300.jpg 225w, https:\/\/languages.lamizztilamzzate.com\/wp-content\/uploads\/2021\/09\/Edit-fran-WELCOME-L_1.jpg 847w\" sizes=\"auto, (max-width: 768px) 100vw, 768px\" \/><\/figure>\n\n\n\n<figure class=\"wp-block-image size-large\"><img loading=\"lazy\" decoding=\"async\" width=\"768\" height=\"1024\" src=\"http:\/\/languages.lamizztilamzzate.com\/wp-content\/uploads\/2021\/09\/frances-academico-L-L-frances-768x1024.jpg\" alt=\"\" class=\"wp-image-126\" srcset=\"https:\/\/languages.lamizztilamzzate.com\/wp-content\/uploads\/2021\/09\/frances-academico-L-L-frances-768x1024.jpg 768w, https:\/\/languages.lamizztilamzzate.com\/wp-content\/uploads\/2021\/09\/frances-academico-L-L-frances-225x300.jpg 225w, https:\/\/languages.lamizztilamzzate.com\/wp-content\/uploads\/2021\/09\/frances-academico-L-L-frances.jpg 1134w\" sizes=\"auto, (max-width: 768px) 100vw, 768px\" \/><\/figure>\n\n\n\n<figure class=\"wp-block-image size-large\"><img loading=\"lazy\" decoding=\"async\" width=\"768\" height=\"1024\" src=\"http:\/\/languages.lamizztilamzzate.com\/wp-content\/uploads\/2021\/09\/frances-L-Leonneli-frances-768x1024.jpg\" alt=\"\" class=\"wp-image-127\" srcset=\"https:\/\/languages.lamizztilamzzate.com\/wp-content\/uploads\/2021\/09\/frances-L-Leonneli-frances-768x1024.jpg 768w, https:\/\/languages.lamizztilamzzate.com\/wp-content\/uploads\/2021\/09\/frances-L-Leonneli-frances-225x300.jpg 225w, https:\/\/languages.lamizztilamzzate.com\/wp-content\/uploads\/2021\/09\/frances-L-Leonneli-frances.jpg 1134w\" sizes=\"auto, (max-width: 768px) 100vw, 768px\" \/><\/figure>\n\n\n\n<figure class=\"wp-block-image size-large\"><a href=\"https:\/\/languages.lamizztilamzzate.com\/index.php\/2021\/10\/28\/french\/\" target=\"_blank\" rel=\"noopener\"><img loading=\"lazy\" decoding=\"async\" width=\"768\" height=\"1024\" src=\"http:\/\/languages.lamizztilamzzate.com\/wp-content\/uploads\/2021\/09\/frances-ENLACE-subdominio-frances-768x1024.jpg\" alt=\"\" class=\"wp-image-128\" srcset=\"https:\/\/languages.lamizztilamzzate.com\/wp-content\/uploads\/2021\/09\/frances-ENLACE-subdominio-frances-768x1024.jpg 768w, https:\/\/languages.lamizztilamzzate.com\/wp-content\/uploads\/2021\/09\/frances-ENLACE-subdominio-frances-225x300.jpg 225w, https:\/\/languages.lamizztilamzzate.com\/wp-content\/uploads\/2021\/09\/frances-ENLACE-subdominio-frances.jpg 1133w\" sizes=\"auto, (max-width: 768px) 100vw, 768px\" \/><\/a><\/figure>\n\n\n\n<!-- BEGIN: Powered by Supercounters.com -->\n<center><script type=\"text\/javascript\" src=\"\/\/widget.supercounters.com\/ssl\/vt.js\"><\/script><script type=\"text\/javascript\">var sc_visitor_var = sc_visitor_var || [];sc_vt(1620078,\"FFFFFF\",\"cccccc\",\"000000\",10)<\/script><br><noscript><a href=\"http:\/\/www.supercounters.com\/\">free online counter<\/a><\/noscript>\n<\/center>\n<!-- END: Powered by Supercounters.com -->\n\n\n\n<!-- BEGIN: Powered by Supercounters.com -->\n<center><script type=\"text\/javascript\" src=\"\/\/widget.supercounters.com\/ssl\/flag.js\"><\/script><script type=\"text\/javascript\">sc_flag(1620079,\"FFFFFF\",\"000000\",\"cccccc\",4,100,0,0)<\/script><br><noscript><a href=\"http:\/\/www.supercounters.com\/\">Flag Counter<\/a><\/noscript>\n<\/center>\n<!-- END: Powered by Supercounters.com -->\n\n\n\n<p><\/p>\n","protected":false},"excerpt":{"rendered":"<p>bienvenue \u00e0 la communaut\u00e9 francophone, nous vous pr\u00e9sentons un divertissement tr\u00e8s exclusif sur internet, nous vous invitons \u00e0 explorer quelque chose de tr\u00e8s exclusif dans notre litt\u00e9rature, philosophie de vie, apprentissage musical et plus encore, aussi pour votre s\u00e9curit\u00e9 de navigation toutes nos pages sont en protocole https comme \u00e7a que vous pouvez \u00eatre assur\u00e9&hellip; <a class=\"more-link\" href=\"https:\/\/languages.lamizztilamzzate.com\/index.php\/bienvenue\/\">Continue reading <span class=\"screen-reader-text\">Bienvenue<\/span><\/a><\/p>\n","protected":false},"author":1,"featured_media":578,"parent":0,"menu_order":0,"comment_status":"closed","ping_status":"closed","template":"","meta":{"om_disable_all_campaigns":false,"_monsterinsights_skip_tracking":false,"_monsterinsights_sitenote_active":false,"_monsterinsights_sitenote_note":"","_monsterinsights_sitenote_category":0,"footnotes":""},"class_list":["post-28","page","type-page","status-publish","has-post-thumbnail","hentry","entry"],"_links":{"self":[{"href":"https:\/\/languages.lamizztilamzzate.com\/index.php\/wp-json\/wp\/v2\/pages\/28","targetHints":{"allow":["GET"]}}],"collection":[{"href":"https:\/\/languages.lamizztilamzzate.com\/index.php\/wp-json\/wp\/v2\/pages"}],"about":[{"href":"https:\/\/languages.lamizztilamzzate.com\/index.php\/wp-json\/wp\/v2\/types\/page"}],"author":[{"embeddable":true,"href":"https:\/\/languages.lamizztilamzzate.com\/index.php\/wp-json\/wp\/v2\/users\/1"}],"replies":[{"embeddable":true,"href":"https:\/\/languages.lamizztilamzzate.com\/index.php\/wp-json\/wp\/v2\/comments?post=28"}],"version-history":[{"count":16,"href":"https:\/\/languages.lamizztilamzzate.com\/index.php\/wp-json\/wp\/v2\/pages\/28\/revisions"}],"predecessor-version":[{"id":786,"href":"https:\/\/languages.lamizztilamzzate.com\/index.php\/wp-json\/wp\/v2\/pages\/28\/revisions\/786"}],"wp:featuredmedia":[{"embeddable":true,"href":"https:\/\/languages.lamizztilamzzate.com\/index.php\/wp-json\/wp\/v2\/media\/578"}],"wp:attachment":[{"href":"https:\/\/languages.lamizztilamzzate.com\/index.php\/wp-json\/wp\/v2\/media?parent=28"}],"curies":[{"name":"wp","href":"https:\/\/api.w.org\/{rel}","templated":true}]}}