{"id":25,"date":"2021-09-04T19:17:52","date_gmt":"2021-09-04T19:17:52","guid":{"rendered":"http:\/\/languages.lamizztilamzzate.com\/?page_id=25"},"modified":"2022-10-20T00:19:30","modified_gmt":"2022-10-20T00:19:30","slug":"bienvenidos","status":"publish","type":"page","link":"https:\/\/languages.lamizztilamzzate.com\/index.php\/bienvenidos\/","title":{"rendered":"Bienvenidos"},"content":{"rendered":"\n<p class=\"has-text-color\" style=\"color:#ebf911fc\"><strong>Bienvenidos comunidad de habla hispana, esperando que disfruten y aprovechen al m\u00e1ximo todas nuestras publicaciones gratuitas, adem\u00e1s siempre te informamos que esta p\u00e1gina est\u00e1 con el protocolo https  por tal raz\u00f3n toda nuestra informaci\u00f3n est\u00e1 cifrada; as\u00ed como, todos los enlaces directos y enlaces por c\u00f3digo QR tambi\u00e9n est\u00e1n cifrados; por tal raz\u00f3n, puedes navegar con toda confiabilidad ya que todo dato p\u00fablico y personales est\u00e1n protegidos, estamos actualizados a la m\u00e1s alta tecnolog\u00eda en protocolos de seguridad https<\/strong><\/p>\n\n\n\n<figure class=\"wp-block-image size-large is-resized\"><a href=\"https:\/\/esttufacil.lamizztilamzzate.com\/index.php\/2021\/10\/22\/esttufacil\/\" target=\"_blank\" rel=\"noreferrer noopener\"><img loading=\"lazy\" decoding=\"async\" src=\"http:\/\/languages.lamizztilamzzate.com\/wp-content\/uploads\/2022\/10\/INFORMATICA-https-CS-esttufacil-edit-768x1024.jpg\" alt=\"\" class=\"wp-image-731\" width=\"625\" height=\"832\" srcset=\"https:\/\/languages.lamizztilamzzate.com\/wp-content\/uploads\/2022\/10\/INFORMATICA-https-CS-esttufacil-edit-768x1024.jpg 768w, https:\/\/languages.lamizztilamzzate.com\/wp-content\/uploads\/2022\/10\/INFORMATICA-https-CS-esttufacil-edit-225x300.jpg 225w, https:\/\/languages.lamizztilamzzate.com\/wp-content\/uploads\/2022\/10\/INFORMATICA-https-CS-esttufacil-edit.jpg 847w\" sizes=\"auto, (max-width: 625px) 100vw, 625px\" \/><\/a><\/figure>\n\n\n\n<div class=\"wp-block-buttons is-layout-flex wp-block-buttons-is-layout-flex\">\n<div class=\"wp-block-button is-style-outline is-style-outline--1\"><a class=\"wp-block-button__link has-text-color has-background\" style=\"border-radius:16px;background-color:#ffef0a;color:#fe0d0d\"><strong>Es el momento de navegar con toda confiabilidad y seguridad <\/strong><\/a><\/div>\n\n\n\n<div class=\"wp-block-button\"><a class=\"wp-block-button__link has-text-color has-background\" style=\"border-radius:15px;background-color:#4cfd06;color:#f90707\"><strong>Protocolo https HABILITADO \u2705<\/strong><\/a><\/div>\n<\/div>\n\n\n\n<figure class=\"wp-block-image size-large is-resized\"><img loading=\"lazy\" decoding=\"async\" src=\"http:\/\/languages.lamizztilamzzate.com\/wp-content\/uploads\/2022\/10\/ESPANOL-001-musifassil-001-edit-512x1024.jpg\" alt=\"\" class=\"wp-image-670\" width=\"646\" height=\"1291\" srcset=\"https:\/\/languages.lamizztilamzzate.com\/wp-content\/uploads\/2022\/10\/ESPANOL-001-musifassil-001-edit-512x1024.jpg 512w, https:\/\/languages.lamizztilamzzate.com\/wp-content\/uploads\/2022\/10\/ESPANOL-001-musifassil-001-edit-150x300.jpg 150w\" sizes=\"auto, (max-width: 646px) 100vw, 646px\" \/><\/figure>\n\n\n\n<figure class=\"wp-block-image size-large is-resized\"><img loading=\"lazy\" decoding=\"async\" src=\"http:\/\/languages.lamizztilamzzate.com\/wp-content\/uploads\/2022\/08\/musica-espanol-001-LG-edit-768x1024.jpg\" alt=\"\" class=\"wp-image-567\" width=\"610\" height=\"813\" srcset=\"https:\/\/languages.lamizztilamzzate.com\/wp-content\/uploads\/2022\/08\/musica-espanol-001-LG-edit-768x1024.jpg 768w, https:\/\/languages.lamizztilamzzate.com\/wp-content\/uploads\/2022\/08\/musica-espanol-001-LG-edit-225x300.jpg 225w, https:\/\/languages.lamizztilamzzate.com\/wp-content\/uploads\/2022\/08\/musica-espanol-001-LG-edit.jpg 847w\" sizes=\"auto, (max-width: 610px) 100vw, 610px\" \/><figcaption><strong>Academia musical por Leo Globalizzate<\/strong><\/figcaption><\/figure>\n\n\n\n<figure class=\"wp-block-video\"><video height=\"600\" style=\"aspect-ratio: 800 \/ 600;\" width=\"800\" controls src=\"http:\/\/languages.lamizztilamzzate.com\/wp-content\/uploads\/2022\/09\/movie-001.mp4\"><\/video><figcaption><strong>VIDEO<em> cortes\u00ed<\/em>a de Leo Globalizzate<\/strong><\/figcaption><\/figure>\n\n\n\n<div class=\"wp-block-buttons is-layout-flex wp-block-buttons-is-layout-flex\">\n<div class=\"wp-block-button aligncenter is-style-outline is-style-outline--2\"><a class=\"wp-block-button__link has-text-color has-background\" style=\"border-radius:43px;background-color:#87fa19;color:#e31212\"><strong>Debes familiarizarte con este v\u00eddeo, te recomendamos que escuches muy atentamente las 12 notas musicales cada vez que quieras aprender m\u00fasica; ya que, es fudamental que nuestros o\u00eddos escuchen constantemente las 12 notas musicales en perfecta afinaci\u00f3n musical como las <\/strong>presentadas en el v\u00eddeo<\/a><\/div>\n<\/div>\n\n\n\n<figure class=\"wp-block-image size-large is-resized\"><img loading=\"lazy\" decoding=\"async\" src=\"http:\/\/languages.lamizztilamzzate.com\/wp-content\/uploads\/2022\/10\/paso-1-musifassil-ESPANOL-edit-512x1024.jpg\" alt=\"\" class=\"wp-image-681\" width=\"606\" height=\"1211\" srcset=\"https:\/\/languages.lamizztilamzzate.com\/wp-content\/uploads\/2022\/10\/paso-1-musifassil-ESPANOL-edit-512x1024.jpg 512w, https:\/\/languages.lamizztilamzzate.com\/wp-content\/uploads\/2022\/10\/paso-1-musifassil-ESPANOL-edit-150x300.jpg 150w\" sizes=\"auto, (max-width: 606px) 100vw, 606px\" \/><\/figure>\n\n\n\n<p><strong>Toda la m\u00fasica que escuchamos nace de 12 notas musicales, &nbsp;durante mucho tiempo en la historia de la humanidad estas 12 notas musicales eran desconocidas; como todo proceso de vida evolutivo, tambi\u00e9n la m\u00fasica tuvo su proceso de desarrollo hasta llegar a definir las notas musicales como hoy en d\u00eda las conocemos<\/strong><\/p>\n\n\n\n<p><strong>C &#8211; C# &#8211; D &#8211; D# &#8211; E &#8211; F &#8211; F # &#8211; G &#8211; G# &#8211; A &#8211; A# &#8211; B<\/strong><\/p>\n\n\n\n<p><strong>Lo m\u00e1s placentero que existe para el sistema auditivo humano, &nbsp;es cuando escuchamos las notas musicales en perfecta afinaci\u00f3n musical; no existe y jam\u00e1s existir\u00e1, algo m\u00e1s placentero para el o\u00eddo humano que escuchar la m\u00fasica cuando nace a partir de estas 12 notas musicales en perfecta afinaci\u00f3n musical<\/strong><\/p>\n\n\n\n<p><strong>Lo m\u00e1s placentero de la m\u00fasica est\u00e1 definido por niveles de desarrollo art\u00edstico musical, &nbsp;en los niveles m\u00e1s altos de desarrollo art\u00edstico musical ser\u00e1 cuando la composici\u00f3n musical alcanza un alto grado de integraci\u00f3n entre la melod\u00eda y armon\u00eda musical<\/strong><\/p>\n\n\n\n<p><strong>La melod\u00eda musical la entendemos como lo que queda en nuestra mente cuando nos gusta una composici\u00f3n musical, son las notas musicales principales que dan vida a la composici\u00f3n musical; por ejemplo, cuando cantamos una canci\u00f3n, lo que estamos cantando es la melod\u00eda de la canci\u00f3n y las notas musicales que entonamos, es la melod\u00eda de la composici\u00f3n musical<\/strong><\/p>\n\n\n\n<p><strong>La armon\u00eda musical la entendemos como todas las notas musicales que no son parte de la melod\u00eda de la composici\u00f3n musical; pero forman parte, &nbsp;de la composici\u00f3n musical como notas musicales secundarias<\/strong><\/p>\n\n\n\n<figure class=\"wp-block-image size-full is-resized is-style-default\"><img loading=\"lazy\" decoding=\"async\" src=\"http:\/\/languages.lamizztilamzzate.com\/wp-content\/uploads\/2021\/09\/espana-L-banderas-001-espana.jpg\" alt=\"\" class=\"wp-image-26\" width=\"610\" height=\"610\" srcset=\"https:\/\/languages.lamizztilamzzate.com\/wp-content\/uploads\/2021\/09\/espana-L-banderas-001-espana.jpg 756w, https:\/\/languages.lamizztilamzzate.com\/wp-content\/uploads\/2021\/09\/espana-L-banderas-001-espana-300x300.jpg 300w, https:\/\/languages.lamizztilamzzate.com\/wp-content\/uploads\/2021\/09\/espana-L-banderas-001-espana-150x150.jpg 150w\" sizes=\"auto, (max-width: 610px) 100vw, 610px\" \/><figcaption><strong>Bienvenidos a nuestra academia de M\u00fasica <\/strong><\/figcaption><\/figure>\n\n\n\n<figure class=\"wp-block-image size-large\"><img loading=\"lazy\" decoding=\"async\" width=\"768\" height=\"1024\" src=\"http:\/\/languages.lamizztilamzzate.com\/wp-content\/uploads\/2022\/08\/musica-espanol-001-LG-edit-768x1024.jpg\" alt=\"\" class=\"wp-image-567\" srcset=\"https:\/\/languages.lamizztilamzzate.com\/wp-content\/uploads\/2022\/08\/musica-espanol-001-LG-edit-768x1024.jpg 768w, https:\/\/languages.lamizztilamzzate.com\/wp-content\/uploads\/2022\/08\/musica-espanol-001-LG-edit-225x300.jpg 225w, https:\/\/languages.lamizztilamzzate.com\/wp-content\/uploads\/2022\/08\/musica-espanol-001-LG-edit.jpg 847w\" sizes=\"auto, (max-width: 768px) 100vw, 768px\" \/><figcaption><strong>Aprendiendo las Notas Musicales<\/strong><\/figcaption><\/figure>\n\n\n\n<figure class=\"wp-block-image size-large is-resized\"><img loading=\"lazy\" decoding=\"async\" src=\"http:\/\/languages.lamizztilamzzate.com\/wp-content\/uploads\/2022\/08\/01-001-notas-musicales-espanol-LG-edit-1024x683.jpg\" alt=\"\" class=\"wp-image-593\" width=\"625\" height=\"415\"\/><\/figure>\n\n\n\n<div class=\"wp-block-buttons is-layout-flex wp-block-buttons-is-layout-flex\">\n<div class=\"wp-block-button is-style-outline is-style-outline--3\"><a class=\"wp-block-button__link has-text-color has-background\" style=\"background-color:#05fafaf7;color:#fb1818\"><strong>Bienvenidos a nuestra exclusiva academia de m\u00fasica te recordamos que es gratuito la puedas aprovechar al m\u00e1ximo<\/strong><\/a><\/div>\n<\/div>\n\n\n\n<div class=\"wp-block-buttons is-layout-flex wp-block-buttons-is-layout-flex\">\n<div class=\"wp-block-button is-style-outline is-style-outline--4\"><a class=\"wp-block-button__link has-text-color has-background\" style=\"border-radius:96px;background-color:#05e2ff;color:#ff011e\"><strong>Te recordamos para toda composici\u00f3n musical solamente existen 12 notas musicales y el silencio musical art\u00edstico <\/strong><\/a><\/div>\n<\/div>\n\n\n\n<figure class=\"wp-block-image size-large is-resized\"><img loading=\"lazy\" decoding=\"async\" src=\"http:\/\/languages.lamizztilamzzate.com\/wp-content\/uploads\/2022\/10\/ESPANOL-paso-2-musifassil-paso-2-edit-512x1024.jpg\" alt=\"\" class=\"wp-image-700\" width=\"599\" height=\"1197\" srcset=\"https:\/\/languages.lamizztilamzzate.com\/wp-content\/uploads\/2022\/10\/ESPANOL-paso-2-musifassil-paso-2-edit-512x1024.jpg 512w, https:\/\/languages.lamizztilamzzate.com\/wp-content\/uploads\/2022\/10\/ESPANOL-paso-2-musifassil-paso-2-edit-150x300.jpg 150w\" sizes=\"auto, (max-width: 599px) 100vw, 599px\" \/><\/figure>\n\n\n\n<p><strong>la nomenclatura universal de afinaci\u00f3n musical, nos permite establecer la identificaci\u00f3n musical \u00fanica de cada nota musical, &nbsp;no importando el instrumento musical donde se genere, para la nota musical C queda definida desde C1 hasta C8 siendo C1 la m\u00e1s baja y C8 la de mayor altura tonal<\/strong><\/p>\n\n\n\n<p><strong>C 1 &#8211; C2 &#8211; C3 &#8211; C4 &#8211; C5 &#8211; C6 &#8211; C7 &#8211; C8<\/strong><\/p>\n\n\n\n<p><strong>la frecuencia de afinaci\u00f3n musical se mide en hertz ( <\/strong><strong>Hz<\/strong><strong> ) la cu\u00e1l es \u00fanica para cada nota musical y se puede medir desde toda aplicaci\u00f3n APP de medidor de afinaci\u00f3n musical<\/strong><\/p>\n\n\n\n<p><strong>para C1 = 32.7 Hz mientras que para C8 = 4186.0 Hz<\/strong><\/p>\n\n\n\n<p><strong>para que realmente estemos inmersos en el maravilloso mundo de la m\u00fasica, cada nota musical generada debe estar en perfecta afinaci\u00f3n musical<\/strong><\/p>\n\n\n\n<p><strong>el instrumento musical que se toma como referencia para la nomenclatura universal de afinaci\u00f3n musical, es el piano ac\u00fastico de 88 teclas; todos los instrumentos musicales, se afinan o vienen afinados de f\u00e1brica, seg\u00fan la nomenclatura universal de afinaci\u00f3n musical<\/strong><\/p>\n\n\n\n<p>Bienvenidos amigos, los invitamos a descubrir nuestro exclusivo entretenimiento art\u00edstico musical, exclusiva literatura y apoyo acad\u00e9mico muy exclusivo, es hora de disfrutar de algo muy especial<\/p>\n\n\n\n<figure class=\"wp-block-image size-large is-resized\"><a href=\"https:\/\/tokafazzil.com\/index.php\/2022\/08\/26\/superlative-emotional-force-by-richard-lovest\/\" target=\"_blank\" rel=\"noreferrer noopener\"><img loading=\"lazy\" decoding=\"async\" src=\"http:\/\/languages.lamizztilamzzate.com\/wp-content\/uploads\/2022\/10\/ESPANOL-fuerzas-emocionales-tokafazzil-edit-768x1024.jpg\" alt=\"\" class=\"wp-image-694\" width=\"598\" height=\"797\" srcset=\"https:\/\/languages.lamizztilamzzate.com\/wp-content\/uploads\/2022\/10\/ESPANOL-fuerzas-emocionales-tokafazzil-edit-768x1024.jpg 768w, https:\/\/languages.lamizztilamzzate.com\/wp-content\/uploads\/2022\/10\/ESPANOL-fuerzas-emocionales-tokafazzil-edit-225x300.jpg 225w, https:\/\/languages.lamizztilamzzate.com\/wp-content\/uploads\/2022\/10\/ESPANOL-fuerzas-emocionales-tokafazzil-edit.jpg 847w\" sizes=\"auto, (max-width: 598px) 100vw, 598px\" \/><\/a><\/figure>\n\n\n\n<figure class=\"wp-block-image size-large\"><a href=\"https:\/\/esttufacil.lamizztilamzzate.com\/index.php\/2022\/01\/20\/analytical-abstraction-levels\/\" target=\"_blank\" rel=\"noreferrer noopener\"><img loading=\"lazy\" decoding=\"async\" width=\"768\" height=\"1024\" src=\"http:\/\/languages.lamizztilamzzate.com\/wp-content\/uploads\/2022\/10\/ESPANOL-niveles-analiticos-CS-edit-768x1024.jpg\" alt=\"\" class=\"wp-image-726\" srcset=\"https:\/\/languages.lamizztilamzzate.com\/wp-content\/uploads\/2022\/10\/ESPANOL-niveles-analiticos-CS-edit-768x1024.jpg 768w, https:\/\/languages.lamizztilamzzate.com\/wp-content\/uploads\/2022\/10\/ESPANOL-niveles-analiticos-CS-edit-225x300.jpg 225w, https:\/\/languages.lamizztilamzzate.com\/wp-content\/uploads\/2022\/10\/ESPANOL-niveles-analiticos-CS-edit.jpg 847w\" sizes=\"auto, (max-width: 768px) 100vw, 768px\" \/><\/a><\/figure>\n\n\n\n<figure class=\"wp-block-image size-large is-resized\"><a href=\"https:\/\/charliesupports.esttufacil.com\/index.php\/2021\/12\/08\/charlie-supports\/\" target=\"_blank\" rel=\"noreferrer noopener\"><img loading=\"lazy\" decoding=\"async\" src=\"http:\/\/languages.lamizztilamzzate.com\/wp-content\/uploads\/2022\/10\/MODELO-educativo-espanol-CS-edit-768x1024.jpg\" alt=\"\" class=\"wp-image-719\" width=\"599\" height=\"797\" srcset=\"https:\/\/languages.lamizztilamzzate.com\/wp-content\/uploads\/2022\/10\/MODELO-educativo-espanol-CS-edit-225x300.jpg 225w, https:\/\/languages.lamizztilamzzate.com\/wp-content\/uploads\/2022\/10\/MODELO-educativo-espanol-CS-edit.jpg 847w\" sizes=\"auto, (max-width: 599px) 100vw, 599px\" \/><\/a><\/figure>\n\n\n\n<figure class=\"wp-block-image size-large is-resized\"><a href=\"https:\/\/esttufacil.lamizztilamzzate.com\/index.php\/2021\/10\/22\/esttufacil\/\" target=\"_blank\" rel=\"noreferrer noopener\"><img loading=\"lazy\" decoding=\"async\" src=\"http:\/\/languages.lamizztilamzzate.com\/wp-content\/uploads\/2022\/10\/Abstraccion-Analitica-esttufacil-edit-CS-768x1024.jpg\" alt=\"\" class=\"wp-image-707\" width=\"617\" height=\"820\"\/><\/a><\/figure>\n\n\n\n<figure class=\"wp-block-image size-large is-resized\"><a href=\"https:\/\/esttufacil.lamizztilamzzate.com\/index.php\/2022\/02\/26\/academic-conceptualization-by-charlie-supports\/\" target=\"_blank\" rel=\"noreferrer noopener\"><img loading=\"lazy\" decoding=\"async\" src=\"http:\/\/languages.lamizztilamzzate.com\/wp-content\/uploads\/2022\/10\/ESPANOL-academic-concept-CS-edit-768x1024.jpg\" alt=\"\" class=\"wp-image-713\" width=\"599\" height=\"798\" srcset=\"https:\/\/languages.lamizztilamzzate.com\/wp-content\/uploads\/2022\/10\/ESPANOL-academic-concept-CS-edit-768x1024.jpg 768w, https:\/\/languages.lamizztilamzzate.com\/wp-content\/uploads\/2022\/10\/ESPANOL-academic-concept-CS-edit-225x300.jpg 225w, https:\/\/languages.lamizztilamzzate.com\/wp-content\/uploads\/2022\/10\/ESPANOL-academic-concept-CS-edit.jpg 847w\" sizes=\"auto, (max-width: 599px) 100vw, 599px\" \/><\/a><\/figure>\n\n\n\n<figure class=\"wp-block-image size-large is-resized\"><a href=\"https:\/\/charliesupports.esttufacil.com\/index.php\/2022\/03\/19\/organizational-entity-by-charlie-supports\/\" target=\"_blank\" rel=\"noreferrer noopener\"><img loading=\"lazy\" decoding=\"async\" src=\"http:\/\/languages.lamizztilamzzate.com\/wp-content\/uploads\/2022\/10\/entidad-organizacional-esttufacil.com_-768x1024.jpg\" alt=\"\" class=\"wp-image-688\" width=\"607\" height=\"804\"\/><\/a><\/figure>\n\n\n\n<figure class=\"wp-block-image size-large\"><a href=\"https:\/\/esttufacil.com\/2022\/05\/10\/analytical-number-by-charlie-supports\/\" target=\"_blank\" rel=\"noreferrer noopener\"><img loading=\"lazy\" decoding=\"async\" width=\"768\" height=\"1024\" src=\"http:\/\/languages.lamizztilamzzate.com\/wp-content\/uploads\/2022\/09\/Numero-Analitico-ESPANOL-edit-768x1024.jpg\" alt=\"\" class=\"wp-image-665\" srcset=\"https:\/\/languages.lamizztilamzzate.com\/wp-content\/uploads\/2022\/09\/Numero-Analitico-ESPANOL-edit-768x1024.jpg 768w, https:\/\/languages.lamizztilamzzate.com\/wp-content\/uploads\/2022\/09\/Numero-Analitico-ESPANOL-edit-225x300.jpg 225w, https:\/\/languages.lamizztilamzzate.com\/wp-content\/uploads\/2022\/09\/Numero-Analitico-ESPANOL-edit.jpg 847w\" sizes=\"auto, (max-width: 768px) 100vw, 768px\" \/><\/a><\/figure>\n\n\n\n<figure class=\"wp-block-image size-large is-resized\"><img loading=\"lazy\" decoding=\"async\" src=\"http:\/\/languages.lamizztilamzzate.com\/wp-content\/uploads\/2021\/09\/espanol-academico-L-L-espanol-768x1024.jpg\" alt=\"\" class=\"wp-image-86\" width=\"600\" height=\"800\" srcset=\"https:\/\/languages.lamizztilamzzate.com\/wp-content\/uploads\/2021\/09\/espanol-academico-L-L-espanol-768x1024.jpg 768w, https:\/\/languages.lamizztilamzzate.com\/wp-content\/uploads\/2021\/09\/espanol-academico-L-L-espanol-225x300.jpg 225w, https:\/\/languages.lamizztilamzzate.com\/wp-content\/uploads\/2021\/09\/espanol-academico-L-L-espanol.jpg 1134w\" sizes=\"auto, (max-width: 600px) 100vw, 600px\" \/><\/figure>\n\n\n\n<figure class=\"wp-block-image size-large is-resized\"><img loading=\"lazy\" decoding=\"async\" src=\"https:\/\/languages.lamizztilamzzate.com\/wp-content\/uploads\/2022\/04\/global-001-espanol-577x1024.jpg\" alt=\"\" class=\"wp-image-491\" width=\"590\" height=\"1048\" srcset=\"https:\/\/languages.lamizztilamzzate.com\/wp-content\/uploads\/2022\/04\/global-001-espanol-577x1024.jpg 577w, https:\/\/languages.lamizztilamzzate.com\/wp-content\/uploads\/2022\/04\/global-001-espanol-169x300.jpg 169w, https:\/\/languages.lamizztilamzzate.com\/wp-content\/uploads\/2022\/04\/global-001-espanol-768x1363.jpg 768w, https:\/\/languages.lamizztilamzzate.com\/wp-content\/uploads\/2022\/04\/global-001-espanol-1154x2048.jpg 1154w, https:\/\/languages.lamizztilamzzate.com\/wp-content\/uploads\/2022\/04\/global-001-espanol.jpg 1278w\" sizes=\"auto, (max-width: 590px) 100vw, 590px\" \/><\/figure>\n\n\n\n<p><strong>El desarrollo integral del ser humano, es cuando el ser humano descubre todo su potencial y sobre todo la aut\u00e9ntica felicidad de vivir en este mundo<\/strong><\/p>\n\n\n\n<p><strong>Todos los maravillosos momentos de vida, est\u00e1n relacionados a lograr esa gran coordinaci\u00f3n entre el ser humano y todo lo existencial; es decir, lograr esa armon\u00eda entre el ser humano y toda la naturaleza<\/strong><\/p>\n\n\n\n<p><strong>Todo desarrollo humano, es lograr en la vida alcanzar los niveles m\u00e1s altos de desarrollo; el ser humano, tiene tres partes totalmente adimensionales; es decir, el ser humano tiene la capacidad de descubrir tres mundos dimensionales<\/strong><\/p>\n\n\n\n<p><strong>El primer mundo dimensional es el mundo dimensional 3D el mundo dimensional de tres dimensiones es todo lo que vemos, todo lo que nos rodea; nuestro planeta tierra y todo el universo est\u00e1 definido en 3D nuestro primer gran desaf\u00edo como parte de alcanzar nuestro desarrollo integral de vida, ser\u00e1 alcanzar el aut\u00e9ntico \u00e9xito<\/strong><\/p>\n\n\n\n<p><strong>El segundo mundo dimensional que est\u00e1 por encima de un mundo dimensional 3D es el mundo dimensional emocional, todas las emociones humanas son las \u00fanicas que pueden acceder&nbsp; al mundo dimensional emocional, el segundo gran desaf\u00edo del ser humano como parte de alcanzar el desarrollo integral de vida, ser\u00e1 conocer y vivir la aut\u00e9ntica felicidad<\/strong><\/p>\n\n\n\n<p><strong>El tercero y \u00faltimo mundo dimensional que puede llegar a conocer el ser humano, ser\u00e1 el mundo dimensional espiritual; pero, en este mundo dimensional espiritual, solamente tiene acceso su parte espiritual y tendr\u00e1 como el \u00faltimo y gran desaf\u00edo de vida, desarrollar la capacidad de lograr tener acceso a la aut\u00e9ntica gloria eterna<\/strong><\/p>\n\n\n\n<p><strong>Se entender\u00e1 como desarrollo integral de vida, llegar a conocer el aut\u00e9ntico \u00e9xito, la aut\u00e9ntica felicidad y la aut\u00e9ntica gloria <\/strong><strong>eterna<\/strong><\/p>\n\n\n\n<p><strong>El ser humano est\u00e1 formado por tres partes fundamentales, la parte tangible corporal, la parte intangible emocional y la parte muy intangible espiritual, para alcanzar un desarrollo integral de vida, debe llegar a conocer el \u00e9xito, la felicidad y la gloria eterna<\/strong><\/p>\n\n\n\n<figure class=\"wp-block-image size-large\"><img loading=\"lazy\" decoding=\"async\" width=\"768\" height=\"1024\" src=\"http:\/\/languages.lamizztilamzzate.com\/wp-content\/uploads\/2021\/09\/Edit-espa-WELCOME-L_1-768x1024.jpg\" alt=\"\" class=\"wp-image-81\" srcset=\"https:\/\/languages.lamizztilamzzate.com\/wp-content\/uploads\/2021\/09\/Edit-espa-WELCOME-L_1-768x1024.jpg 768w, https:\/\/languages.lamizztilamzzate.com\/wp-content\/uploads\/2021\/09\/Edit-espa-WELCOME-L_1-225x300.jpg 225w, https:\/\/languages.lamizztilamzzate.com\/wp-content\/uploads\/2021\/09\/Edit-espa-WELCOME-L_1.jpg 847w\" sizes=\"auto, (max-width: 768px) 100vw, 768px\" \/><\/figure>\n\n\n\n<figure class=\"wp-block-image size-large is-resized\"><img loading=\"lazy\" decoding=\"async\" src=\"http:\/\/languages.lamizztilamzzate.com\/wp-content\/uploads\/2021\/09\/espanol-lamizzti-lamzzate-001-768x1024.jpg\" alt=\"\" class=\"wp-image-84\" width=\"610\" height=\"813\" srcset=\"https:\/\/languages.lamizztilamzzate.com\/wp-content\/uploads\/2021\/09\/espanol-lamizzti-lamzzate-001-768x1024.jpg 768w, https:\/\/languages.lamizztilamzzate.com\/wp-content\/uploads\/2021\/09\/espanol-lamizzti-lamzzate-001-225x300.jpg 225w, https:\/\/languages.lamizztilamzzate.com\/wp-content\/uploads\/2021\/09\/espanol-lamizzti-lamzzate-001.jpg 1134w\" sizes=\"auto, (max-width: 610px) 100vw, 610px\" \/><\/figure>\n\n\n\n<figure class=\"wp-block-image size-large\"><img loading=\"lazy\" decoding=\"async\" width=\"768\" height=\"1024\" src=\"http:\/\/languages.lamizztilamzzate.com\/wp-content\/uploads\/2021\/09\/espanol-L-Leonneli-espanol-768x1024.jpg\" alt=\"\" class=\"wp-image-87\" srcset=\"https:\/\/languages.lamizztilamzzate.com\/wp-content\/uploads\/2021\/09\/espanol-L-Leonneli-espanol-768x1024.jpg 768w, https:\/\/languages.lamizztilamzzate.com\/wp-content\/uploads\/2021\/09\/espanol-L-Leonneli-espanol-225x300.jpg 225w, https:\/\/languages.lamizztilamzzate.com\/wp-content\/uploads\/2021\/09\/espanol-L-Leonneli-espanol.jpg 1134w\" sizes=\"auto, (max-width: 768px) 100vw, 768px\" \/><\/figure>\n\n\n\n<figure class=\"wp-block-image size-large\"><a href=\"https:\/\/languages.lamizztilamzzate.com\/index.php\/2021\/10\/28\/espanol\/\" target=\"_blank\" rel=\"noopener\"><img loading=\"lazy\" decoding=\"async\" width=\"768\" height=\"1024\" src=\"http:\/\/languages.lamizztilamzzate.com\/wp-content\/uploads\/2021\/09\/espanol-ENLACE-subdominio-espanol-768x1024.jpg\" alt=\"\" class=\"wp-image-88\" srcset=\"https:\/\/languages.lamizztilamzzate.com\/wp-content\/uploads\/2021\/09\/espanol-ENLACE-subdominio-espanol-768x1024.jpg 768w, https:\/\/languages.lamizztilamzzate.com\/wp-content\/uploads\/2021\/09\/espanol-ENLACE-subdominio-espanol-225x300.jpg 225w, https:\/\/languages.lamizztilamzzate.com\/wp-content\/uploads\/2021\/09\/espanol-ENLACE-subdominio-espanol.jpg 1133w\" sizes=\"auto, (max-width: 768px) 100vw, 768px\" \/><\/a><\/figure>\n\n\n\n<!-- BEGIN: Powered by Supercounters.com -->\n<center><script type=\"text\/javascript\" src=\"\/\/widget.supercounters.com\/ssl\/vt.js\"><\/script><script type=\"text\/javascript\">var sc_visitor_var = sc_visitor_var || [];sc_vt(1620076,\"FFFFFF\",\"cccccc\",\"000000\",10)<\/script><br><noscript><a href=\"http:\/\/www.supercounters.com\/\">free online counter<\/a><\/noscript>\n<\/center>\n<!-- END: Powered by Supercounters.com -->\n\n\n\n<!-- BEGIN: Powered by Supercounters.com -->\n<center><script type=\"text\/javascript\" src=\"\/\/widget.supercounters.com\/ssl\/flag.js\"><\/script><script type=\"text\/javascript\">sc_flag(1620077,\"FFFFFF\",\"000000\",\"cccccc\",4,100,0,0)<\/script><br><noscript><a href=\"http:\/\/www.supercounters.com\/\">Flag Counter<\/a><\/noscript>\n<\/center>\n<!-- END: Powered by Supercounters.com -->\n\n\n\n<p><\/p>\n","protected":false},"excerpt":{"rendered":"<p>Bienvenidos comunidad de habla hispana, esperando que disfruten y aprovechen al m\u00e1ximo todas nuestras publicaciones gratuitas, adem\u00e1s siempre te informamos que esta p\u00e1gina est\u00e1 con el protocolo https por tal raz\u00f3n toda nuestra informaci\u00f3n est\u00e1 cifrada; as\u00ed como, todos los enlaces directos y enlaces por c\u00f3digo QR tambi\u00e9n est\u00e1n cifrados; por tal raz\u00f3n, puedes navegar&hellip; <a class=\"more-link\" href=\"https:\/\/languages.lamizztilamzzate.com\/index.php\/bienvenidos\/\">Continue reading <span class=\"screen-reader-text\">Bienvenidos<\/span><\/a><\/p>\n","protected":false},"author":1,"featured_media":0,"parent":0,"menu_order":0,"comment_status":"closed","ping_status":"closed","template":"","meta":{"om_disable_all_campaigns":false,"_monsterinsights_skip_tracking":false,"_monsterinsights_sitenote_active":false,"_monsterinsights_sitenote_note":"","_monsterinsights_sitenote_category":0,"footnotes":""},"class_list":["post-25","page","type-page","status-publish","hentry","entry"],"_links":{"self":[{"href":"https:\/\/languages.lamizztilamzzate.com\/index.php\/wp-json\/wp\/v2\/pages\/25","targetHints":{"allow":["GET"]}}],"collection":[{"href":"https:\/\/languages.lamizztilamzzate.com\/index.php\/wp-json\/wp\/v2\/pages"}],"about":[{"href":"https:\/\/languages.lamizztilamzzate.com\/index.php\/wp-json\/wp\/v2\/types\/page"}],"author":[{"embeddable":true,"href":"https:\/\/languages.lamizztilamzzate.com\/index.php\/wp-json\/wp\/v2\/users\/1"}],"replies":[{"embeddable":true,"href":"https:\/\/languages.lamizztilamzzate.com\/index.php\/wp-json\/wp\/v2\/comments?post=25"}],"version-history":[{"count":61,"href":"https:\/\/languages.lamizztilamzzate.com\/index.php\/wp-json\/wp\/v2\/pages\/25\/revisions"}],"predecessor-version":[{"id":745,"href":"https:\/\/languages.lamizztilamzzate.com\/index.php\/wp-json\/wp\/v2\/pages\/25\/revisions\/745"}],"wp:attachment":[{"href":"https:\/\/languages.lamizztilamzzate.com\/index.php\/wp-json\/wp\/v2\/media?parent=25"}],"curies":[{"name":"wp","href":"https:\/\/api.w.org\/{rel}","templated":true}]}}